{"id":22,"date":"2022-06-12T12:13:56","date_gmt":"2022-06-12T15:13:56","guid":{"rendered":"https:\/\/dekla.com.br\/?page_id=22"},"modified":"2023-08-19T18:31:05","modified_gmt":"2023-08-19T21:31:05","slug":"servicos","status":"publish","type":"page","link":"https:\/\/dekla.com.br\/index.php\/servicos\/","title":{"rendered":"SERVI\u00c7OS"},"content":{"rendered":"\t\t<div data-elementor-type=\"wp-page\" data-elementor-id=\"22\" class=\"elementor elementor-22\">\n\t\t\t\t\t\t<section class=\"elementor-section elementor-top-section elementor-element elementor-element-2bfa0f1 ct-section-stretched elementor-section-full_width elementor-section-height-default elementor-section-height-default\" data-id=\"2bfa0f1\" data-element_type=\"section\">\n\t\t\t\t\t\t<div class=\"elementor-container elementor-column-gap-no\">\n\t\t\t\t\t<div class=\"elementor-column elementor-col-100 elementor-top-column elementor-element elementor-element-0563d58\" data-id=\"0563d58\" data-element_type=\"column\">\n\t\t\t<div class=\"elementor-widget-wrap elementor-element-populated\">\n\t\t\t\t\t\t<div class=\"elementor-element elementor-element-281801a elementor-widget elementor-widget-image\" data-id=\"281801a\" data-element_type=\"widget\" data-widget_type=\"image.default\">\n\t\t\t\t<div class=\"elementor-widget-container\">\n\t\t\t\t\t\t\t\t\t\t\t\t\t\t\t<img fetchpriority=\"high\" decoding=\"async\" width=\"2048\" height=\"1024\" src=\"https:\/\/dekla.com.br\/wp-content\/uploads\/2023\/08\/Pericias-Site-Dekla.png\" class=\"attachment-full size-full wp-image-698\" alt=\"Per\u00edcias \u00d3culos Lupa Documento Livro\" srcset=\"https:\/\/dekla.com.br\/wp-content\/uploads\/2023\/08\/Pericias-Site-Dekla.png 2048w, https:\/\/dekla.com.br\/wp-content\/uploads\/2023\/08\/Pericias-Site-Dekla-300x150.png 300w, https:\/\/dekla.com.br\/wp-content\/uploads\/2023\/08\/Pericias-Site-Dekla-1024x512.png 1024w, https:\/\/dekla.com.br\/wp-content\/uploads\/2023\/08\/Pericias-Site-Dekla-768x384.png 768w, https:\/\/dekla.com.br\/wp-content\/uploads\/2023\/08\/Pericias-Site-Dekla-1536x768.png 1536w\" sizes=\"(max-width: 2048px) 100vw, 2048px\" \/>\t\t\t\t\t\t\t\t\t\t\t\t\t\t\t<\/div>\n\t\t\t\t<\/div>\n\t\t\t\t\t<\/div>\n\t\t<\/div>\n\t\t\t\t\t<\/div>\n\t\t<\/section>\n\t\t\t\t<section class=\"elementor-section elementor-top-section elementor-element elementor-element-5452a24 ct-section-stretched elementor-section-full_width elementor-section-height-default elementor-section-height-default\" data-id=\"5452a24\" data-element_type=\"section\">\n\t\t\t\t\t\t<div class=\"elementor-container elementor-column-gap-no\">\n\t\t\t\t\t<div class=\"elementor-column elementor-col-100 elementor-top-column elementor-element elementor-element-c245d89\" data-id=\"c245d89\" data-element_type=\"column\">\n\t\t\t<div class=\"elementor-widget-wrap elementor-element-populated\">\n\t\t\t\t\t\t<section class=\"elementor-section elementor-inner-section elementor-element elementor-element-ceeab0a elementor-section-full_width elementor-section-height-default elementor-section-height-default\" data-id=\"ceeab0a\" data-element_type=\"section\" data-settings=\"{&quot;background_background&quot;:&quot;classic&quot;}\">\n\t\t\t\t\t\t<div class=\"elementor-container elementor-column-gap-no\">\n\t\t\t\t\t<div class=\"elementor-column elementor-col-100 elementor-inner-column elementor-element elementor-element-f0f0f0f\" data-id=\"f0f0f0f\" data-element_type=\"column\">\n\t\t\t<div class=\"elementor-widget-wrap elementor-element-populated\">\n\t\t\t\t\t\t<div class=\"elementor-element elementor-element-ece2799 elementor-widget elementor-widget-text-editor\" data-id=\"ece2799\" data-element_type=\"widget\" data-widget_type=\"text-editor.default\">\n\t\t\t\t<div class=\"elementor-widget-container\">\n\t\t\t\t\t\t\t\t\t<div id=\"outputholder\" class=\"loripsum\"><p class=\"_04xlpA direction-ltr align-justify para-style-body\" style=\"text-align: center;\"><span class=\"WdYUQQ text-decoration-none text-strikethrough-none\">A per\u00edcia judicial e a extrajudicial desempenham pap\u00e9is cruciais no sistema legal e em contextos extrajudiciais. Ambos os tipos de per\u00edcia envolvem a an\u00e1lise imparcial e especializada de evid\u00eancias para auxiliar na tomada de decis\u00f5es. <\/span><\/p><p class=\"_04xlpA direction-ltr align-justify para-style-body\" style=\"text-align: center;\"><span class=\"WdYUQQ text-decoration-none text-strikethrough-none\">A per\u00edcia judicial \u00e9 conduzida por um perito nomeado pelo tribunal em processos, fornecendo expertise t\u00e9cnica ao juiz para embasar decis\u00f5es complexas. J\u00e1 o assistente t\u00e9cnico atua como um especialista designado pela parte envolvida no lit\u00edgio, seja autor ou r\u00e9u, fornecendo suporte na an\u00e1lise das quest\u00f5es t\u00e9cnicas do caso.<br \/><\/span><\/p><p class=\"_04xlpA direction-ltr align-justify para-style-body\" style=\"text-align: center;\"><span class=\"WdYUQQ text-decoration-none text-strikethrough-none\">Em contraste, a per\u00edcia extrajudicial ocorre fora dos tribunais, com peritos auxiliando em quest\u00f5es t\u00e9cnicas para negocia\u00e7\u00f5es, acordos e tomadas de decis\u00e3o.<\/span><\/p><p class=\"_04xlpA direction-ltr align-justify para-style-body\" style=\"text-align: center;\"><span class=\"WdYUQQ text-decoration-none text-strikethrough-none\">A imparcialidade e a experi\u00eancia do perito s\u00e3o cruciais em ambos os contextos. Detalhe e clareza na apresenta\u00e7\u00e3o dos resultados s\u00e3o vitais, garantindo compreens\u00e3o e embasamento s\u00f3lido para as partes envolvidas. <br \/><\/span><\/p><\/div>\t\t\t\t\t\t\t\t<\/div>\n\t\t\t\t<\/div>\n\t\t\t\t\t<\/div>\n\t\t<\/div>\n\t\t\t\t\t<\/div>\n\t\t<\/section>\n\t\t\t\t\t<\/div>\n\t\t<\/div>\n\t\t\t\t\t<\/div>\n\t\t<\/section>\n\t\t\t\t<section class=\"elementor-section elementor-top-section elementor-element elementor-element-63b2f70 ct-section-stretched elementor-section-full_width elementor-section-height-default elementor-section-height-default\" data-id=\"63b2f70\" data-element_type=\"section\" data-settings=\"{&quot;background_background&quot;:&quot;classic&quot;}\">\n\t\t\t\t\t\t<div class=\"elementor-container elementor-column-gap-no\">\n\t\t\t\t\t<div class=\"elementor-column elementor-col-33 elementor-top-column elementor-element elementor-element-3362932\" data-id=\"3362932\" data-element_type=\"column\">\n\t\t\t<div class=\"elementor-widget-wrap elementor-element-populated\">\n\t\t\t\t\t\t<div class=\"elementor-element elementor-element-c918bfb elementor-widget elementor-widget-text-editor\" data-id=\"c918bfb\" data-element_type=\"widget\" data-widget_type=\"text-editor.default\">\n\t\t\t\t<div class=\"elementor-widget-container\">\n\t\t\t\t\t\t\t\t\t<p>\u00a0<\/p><p style=\"text-align: center;\"><span class=\"WdYUQQ text-decoration-none text-strikethrough-none\">A avalia\u00e7\u00e3o de im\u00f3veis visa determinar a estimativa de valor de um bem im\u00f3vel com base em diversos fatores. O processo de avalia\u00e7\u00e3o de im\u00f3veis envolve an\u00e1lises minuciosas de dados comparativos, condi\u00e7\u00f5es do mercado e caracter\u00edsticas espec\u00edficas do bem.<\/span><\/p><p>\u00a0<\/p>\t\t\t\t\t\t\t\t<\/div>\n\t\t\t\t<\/div>\n\t\t\t\t\t<\/div>\n\t\t<\/div>\n\t\t\t\t<div class=\"elementor-column elementor-col-33 elementor-top-column elementor-element elementor-element-b17d168\" data-id=\"b17d168\" data-element_type=\"column\">\n\t\t\t<div class=\"elementor-widget-wrap elementor-element-populated\">\n\t\t\t\t\t\t<div class=\"elementor-element elementor-element-86fac6e elementor-widget elementor-widget-text-editor\" data-id=\"86fac6e\" data-element_type=\"widget\" data-widget_type=\"text-editor.default\">\n\t\t\t\t<div class=\"elementor-widget-container\">\n\t\t\t\t\t\t\t\t\t<p>\u00a0<\/p><p style=\"text-align: center;\"><span class=\"WdYUQQ text-decoration-none text-strikethrough-none\">O objetivo central da per\u00edcia ambiental \u00e9 fornecer informa\u00e7\u00f5es s\u00f3lidas e baseadas em evid\u00eancias cient\u00edficas para que se possa compreender, quantificar e abordar os impactos ambientais (avaliar os efeitos de atividades humanas no meio ambiente). <\/span><\/p><p>\u00a0<\/p>\t\t\t\t\t\t\t\t<\/div>\n\t\t\t\t<\/div>\n\t\t\t\t\t<\/div>\n\t\t<\/div>\n\t\t\t\t<div class=\"elementor-column elementor-col-33 elementor-top-column elementor-element elementor-element-c6b0882\" data-id=\"c6b0882\" data-element_type=\"column\">\n\t\t\t<div class=\"elementor-widget-wrap elementor-element-populated\">\n\t\t\t\t\t\t<div class=\"elementor-element elementor-element-927f8a0 elementor-widget elementor-widget-text-editor\" data-id=\"927f8a0\" data-element_type=\"widget\" data-widget_type=\"text-editor.default\">\n\t\t\t\t<div class=\"elementor-widget-container\">\n\t\t\t\t\t\t\t\t\t<p>\u00a0<\/p><p style=\"text-align: center;\"><span class=\"WdYUQQ text-decoration-none text-strikethrough-none\">A per\u00edcia grafot\u00e9cnica desempenha um papel fundamental na an\u00e1lise de assinaturas e documentos. Essa pr\u00e1tica envolve a investiga\u00e7\u00e3o detalhada da autenticidade de escritos, assinaturas e registros, frequentemente em contextos legais.<\/span><\/p><p>\u00a0<\/p>\t\t\t\t\t\t\t\t<\/div>\n\t\t\t\t<\/div>\n\t\t\t\t\t<\/div>\n\t\t<\/div>\n\t\t\t\t\t<\/div>\n\t\t<\/section>\n\t\t\t\t<section class=\"elementor-section elementor-top-section elementor-element elementor-element-98648d2 ct-section-stretched elementor-section-full_width elementor-section-height-default elementor-section-height-default\" data-id=\"98648d2\" data-element_type=\"section\">\n\t\t\t\t\t\t<div class=\"elementor-container elementor-column-gap-no\">\n\t\t\t\t\t<div class=\"elementor-column elementor-col-100 elementor-top-column elementor-element elementor-element-b6ba13e\" data-id=\"b6ba13e\" data-element_type=\"column\">\n\t\t\t<div class=\"elementor-widget-wrap elementor-element-populated\">\n\t\t\t\t\t\t<div class=\"elementor-element elementor-element-1c22d58 elementor-widget elementor-widget-image\" data-id=\"1c22d58\" data-element_type=\"widget\" data-widget_type=\"image.default\">\n\t\t\t\t<div class=\"elementor-widget-container\">\n\t\t\t\t\t\t\t\t\t\t\t\t\t\t\t<img decoding=\"async\" width=\"2048\" height=\"1024\" src=\"https:\/\/dekla.com.br\/wp-content\/uploads\/2023\/08\/Consultoria-Imobiliaria-Site-Dekla-1.png\" class=\"attachment-full size-full wp-image-701\" alt=\"Consultoria Imobili\u00e1ria Aperto M\u00e3o Fechamento Neg\u00f3cios\" srcset=\"https:\/\/dekla.com.br\/wp-content\/uploads\/2023\/08\/Consultoria-Imobiliaria-Site-Dekla-1.png 2048w, https:\/\/dekla.com.br\/wp-content\/uploads\/2023\/08\/Consultoria-Imobiliaria-Site-Dekla-1-300x150.png 300w, https:\/\/dekla.com.br\/wp-content\/uploads\/2023\/08\/Consultoria-Imobiliaria-Site-Dekla-1-1024x512.png 1024w, https:\/\/dekla.com.br\/wp-content\/uploads\/2023\/08\/Consultoria-Imobiliaria-Site-Dekla-1-768x384.png 768w, https:\/\/dekla.com.br\/wp-content\/uploads\/2023\/08\/Consultoria-Imobiliaria-Site-Dekla-1-1536x768.png 1536w\" sizes=\"(max-width: 2048px) 100vw, 2048px\" \/>\t\t\t\t\t\t\t\t\t\t\t\t\t\t\t<\/div>\n\t\t\t\t<\/div>\n\t\t\t\t\t<\/div>\n\t\t<\/div>\n\t\t\t\t\t<\/div>\n\t\t<\/section>\n\t\t\t\t<section class=\"elementor-section elementor-top-section elementor-element elementor-element-1a4b232 ct-section-stretched elementor-section-full_width elementor-section-height-default elementor-section-height-default\" data-id=\"1a4b232\" data-element_type=\"section\">\n\t\t\t\t\t\t<div class=\"elementor-container elementor-column-gap-no\">\n\t\t\t\t\t<div class=\"elementor-column elementor-col-100 elementor-top-column elementor-element elementor-element-4f313bf\" data-id=\"4f313bf\" data-element_type=\"column\">\n\t\t\t<div class=\"elementor-widget-wrap elementor-element-populated\">\n\t\t\t\t\t\t<section class=\"elementor-section elementor-inner-section elementor-element elementor-element-aa22102 elementor-section-full_width elementor-section-height-default elementor-section-height-default\" data-id=\"aa22102\" data-element_type=\"section\" data-settings=\"{&quot;background_background&quot;:&quot;classic&quot;}\">\n\t\t\t\t\t\t<div class=\"elementor-container elementor-column-gap-no\">\n\t\t\t\t\t<div class=\"elementor-column elementor-col-100 elementor-inner-column elementor-element elementor-element-e3158b3\" data-id=\"e3158b3\" data-element_type=\"column\">\n\t\t\t<div class=\"elementor-widget-wrap elementor-element-populated\">\n\t\t\t\t\t\t<div class=\"elementor-element elementor-element-22cb1cf elementor-widget elementor-widget-text-editor\" data-id=\"22cb1cf\" data-element_type=\"widget\" data-widget_type=\"text-editor.default\">\n\t\t\t\t<div class=\"elementor-widget-container\">\n\t\t\t\t\t\t\t\t\t<p class=\"_04xlpA direction-ltr align-center para-style-body\" style=\"text-align: center;\"><span class=\"WdYUQQ text-decoration-none text-strikethrough-none\">Em um mercado imobili\u00e1rio em constante evolu\u00e7\u00e3o, contar com uma consultoria especializada pode fazer toda a diferen\u00e7a.<\/span><\/p><p class=\"_04xlpA direction-ltr align-center para-style-body\" style=\"text-align: center;\"><span class=\"WdYUQQ text-decoration-none text-strikethrough-none\">Nossos consultores experientes compreendem as nuances do mercado local e est\u00e3o prontos para identificar oportunidades e desafios espec\u00edficos para voc\u00ea.<\/span><\/p><p class=\"_04xlpA direction-ltr align-center para-style-body\" style=\"text-align: center;\"><span class=\"WdYUQQ text-decoration-none text-strikethrough-none\">Com conhecimento profundo das tend\u00eancias atuais e melhores pr\u00e1ticas, estamos empenhados em ajud\u00e1-lo a tomar decis\u00f5es informadas e bem-sucedidas.<\/span><\/p><p class=\"_04xlpA direction-ltr align-center para-style-body\" style=\"text-align: center;\"><span class=\"WdYUQQ text-decoration-none text-strikethrough-none\">Se voc\u00ea \u00e9 um investidor em busca de oportunidades lucrativas, um propriet\u00e1rio que deseja vender sua propriedade de forma estrat\u00e9gica ou algu\u00e9m em busca do lar perfeito, nossa consultoria imobili\u00e1ria est\u00e1 aqui para transformar seus objetivos em realidade.<\/span><\/p><p class=\"_04xlpA direction-ltr align-center para-style-body\" style=\"text-align: center;\"><span class=\"WdYUQQ text-decoration-none text-strikethrough-none\">Conte conosco para orienta\u00e7\u00e3o profissional, estrat\u00e9gias eficazes e resultados que realmente importam.<\/span><\/p><p class=\"_04xlpA direction-ltr align-center para-style-body\" style=\"text-align: center;\"><span class=\"WdYUQQ text-decoration-none text-strikethrough-none\">Entre em contato agora mesmo e d\u00ea o pr\u00f3ximo passo em dire\u00e7\u00e3o ao sucesso nos neg\u00f3cios imobili\u00e1rios.<\/span><\/p>\t\t\t\t\t\t\t\t<\/div>\n\t\t\t\t<\/div>\n\t\t\t\t\t<\/div>\n\t\t<\/div>\n\t\t\t\t\t<\/div>\n\t\t<\/section>\n\t\t\t\t\t<\/div>\n\t\t<\/div>\n\t\t\t\t\t<\/div>\n\t\t<\/section>\n\t\t\t\t<section class=\"elementor-section elementor-top-section elementor-element elementor-element-f8ef783 ct-section-stretched elementor-section-full_width elementor-section-height-default elementor-section-height-default\" data-id=\"f8ef783\" data-element_type=\"section\" data-settings=\"{&quot;background_background&quot;:&quot;classic&quot;}\">\n\t\t\t\t\t\t<div class=\"elementor-container elementor-column-gap-default\">\n\t\t\t\t\t<div class=\"elementor-column elementor-col-100 elementor-top-column elementor-element elementor-element-a3f04f6\" data-id=\"a3f04f6\" data-element_type=\"column\">\n\t\t\t<div class=\"elementor-widget-wrap elementor-element-populated\">\n\t\t\t\t\t\t<div class=\"elementor-element elementor-element-0d4ef34 elementor-widget-divider--separator-type-pattern elementor-widget-divider--bg-round elementor-widget-divider--view-line elementor-widget elementor-widget-divider\" data-id=\"0d4ef34\" data-element_type=\"widget\" data-widget_type=\"divider.default\">\n\t\t\t\t<div class=\"elementor-widget-container\">\n\t\t\t\t\t\t\t<div class=\"elementor-divider\" style=\"--divider-pattern-url: url(&quot;data:image\/svg+xml,%3Csvg xmlns=&#039;http:\/\/www.w3.org\/2000\/svg&#039; preserveAspectRatio=&#039;none&#039; overflow=&#039;visible&#039; height=&#039;100%&#039; viewBox=&#039;0 0 60 30&#039; fill=&#039;black&#039; stroke=&#039;none&#039;%3E%3Crect x=&#039;15&#039; y=&#039;0&#039; width=&#039;30&#039; height=&#039;30&#039;\/%3E%3C\/svg%3E&quot;);\">\n\t\t\t<span class=\"elementor-divider-separator\">\n\t\t\t\t\t\t<\/span>\n\t\t<\/div>\n\t\t\t\t\t\t<\/div>\n\t\t\t\t<\/div>\n\t\t\t\t\t<\/div>\n\t\t<\/div>\n\t\t\t\t\t<\/div>\n\t\t<\/section>\n\t\t\t\t<\/div>\n\t\t","protected":false},"excerpt":{"rendered":"<p>A per\u00edcia judicial e a extrajudicial desempenham pap\u00e9is cruciais no sistema legal e em contextos extrajudiciais. Ambos os tipos de per\u00edcia envolvem a an\u00e1lise imparcial e especializada de evid\u00eancias para auxiliar na tomada de decis\u00f5es. A per\u00edcia judicial \u00e9 conduzida por um perito nomeado pelo tribunal em processos, fornecendo expertise t\u00e9cnica ao juiz para embasar [&hellip;]<\/p>\n","protected":false},"author":1,"featured_media":0,"parent":0,"menu_order":0,"comment_status":"closed","ping_status":"closed","template":"","meta":{"om_disable_all_campaigns":false,"_monsterinsights_skip_tracking":false,"_monsterinsights_sitenote_active":false,"_monsterinsights_sitenote_note":"","_monsterinsights_sitenote_category":0,"footnotes":""},"blocksy_meta":{"styles_descriptor":{"styles":{"desktop":"","tablet":"","mobile":""},"google_fonts":[],"version":6}},"aioseo_notices":[],"_links":{"self":[{"href":"https:\/\/dekla.com.br\/index.php\/wp-json\/wp\/v2\/pages\/22"}],"collection":[{"href":"https:\/\/dekla.com.br\/index.php\/wp-json\/wp\/v2\/pages"}],"about":[{"href":"https:\/\/dekla.com.br\/index.php\/wp-json\/wp\/v2\/types\/page"}],"author":[{"embeddable":true,"href":"https:\/\/dekla.com.br\/index.php\/wp-json\/wp\/v2\/users\/1"}],"replies":[{"embeddable":true,"href":"https:\/\/dekla.com.br\/index.php\/wp-json\/wp\/v2\/comments?post=22"}],"version-history":[{"count":77,"href":"https:\/\/dekla.com.br\/index.php\/wp-json\/wp\/v2\/pages\/22\/revisions"}],"predecessor-version":[{"id":727,"href":"https:\/\/dekla.com.br\/index.php\/wp-json\/wp\/v2\/pages\/22\/revisions\/727"}],"wp:attachment":[{"href":"https:\/\/dekla.com.br\/index.php\/wp-json\/wp\/v2\/media?parent=22"}],"curies":[{"name":"wp","href":"https:\/\/api.w.org\/{rel}","templated":true}]}}